{"id":9,"date":"2016-04-07T13:38:43","date_gmt":"2016-04-07T13:38:43","guid":{"rendered":"http:\/\/canjoan.com\/?page_id=9"},"modified":"2024-08-04T13:06:31","modified_gmt":"2024-08-04T11:06:31","slug":"restaurante_sant_feliu_boada_girona-htm","status":"publish","type":"page","link":"https:\/\/canjoan.com\/es\/can-joan\/","title":{"rendered":"Can Joan"},"content":{"rendered":"<p><\/p>\n<h2><span style=\"color: #ff9900;\">Restaurante en Sant Feliu de Boada (Girona) &#8211; Can Joan<\/span><\/h2>\n<p>Restaurante Can Joan, en Sant Feliu de Boada, t\u00e9rmino municipal de Palau-Sator, situado en el coraz\u00f3n del Empord\u00e0 entre Peratallada y Pals.<\/p>\n<p>Disfruta de unas vistas abiertas a las monta\u00f1as de Torroella, al n\u00facleo antiguo de Pals y en el horizonte se puede ver el mar, con las islas Medas de fondo.<\/p>\n<p>Envuelto en un maravilloso paisaje, os ofrece: cocina casera con los productos de la tierra (mar y monta\u00f1a), cuidada con el m\u00e1ximo rigor.<\/p>\n<p>Adem\u00e1s de la conocida cocina tradicional y de temporada, nuestra carta dispone de una gran variedad de pescados y arroz a la cazuela.<\/p>\n<p>Tenemos comedores privados donde celebrar todo tipo de acontecimientos, trato familiar.<\/p>\n<p><center><iframe loading=\"lazy\" src=\"https:\/\/www.youtube.com\/embed\/8-0kEqkZs9w\" width=\"560\" height=\"315\" frameborder=\"0\" allowfullscreen=\"allowfullscreen\"><\/iframe><\/center>&nbsp;<\/p>\n<p>&nbsp;<\/p>\n<p><center style=\"display: none;\"><iframe loading=\"lazy\" src=\"https:\/\/www.youtube.com\/embed\/QinM6pQjkBg?list=PLUgK3vreRMOi_Yp6nOa2aRfRdFZHjkamN\" width=\"560\" height=\"315\" frameborder=\"0\" allowfullscreen=\"allowfullscreen\"><\/iframe><\/center><center><img loading=\"lazy\" decoding=\"async\" class=\"aligncenter wp-image-305 \" src=\"http:\/\/canjoan.com\/wp-content\/uploads\/2016\/04\/0059.jpg\" alt=\"0059\" width=\"403\" height=\"591\" \/><\/center><\/p>","protected":false},"excerpt":{"rendered":"<p>Restaurante en Sant Feliu de Boada (Girona) &#8211; Can Joan Restaurante Can Joan, en Sant Feliu de Boada, t\u00e9rmino municipal de Palau-Sator, situado en el coraz\u00f3n del Empord\u00e0 entre Peratallada y Pals. Disfruta de unas vistas abiertas a las monta\u00f1as de Torroella, al n\u00facleo antiguo de Pals y en el horizonte se puede ver el<\/p>\n","protected":false},"author":2,"featured_media":0,"parent":0,"menu_order":0,"comment_status":"closed","ping_status":"closed","template":"page-fullwidth.php","meta":{"footnotes":""},"class_list":["post-9","page","type-page","status-publish","hentry"],"_links":{"self":[{"href":"https:\/\/canjoan.com\/es\/wp-json\/wp\/v2\/pages\/9"}],"collection":[{"href":"https:\/\/canjoan.com\/es\/wp-json\/wp\/v2\/pages"}],"about":[{"href":"https:\/\/canjoan.com\/es\/wp-json\/wp\/v2\/types\/page"}],"author":[{"embeddable":true,"href":"https:\/\/canjoan.com\/es\/wp-json\/wp\/v2\/users\/2"}],"replies":[{"embeddable":true,"href":"https:\/\/canjoan.com\/es\/wp-json\/wp\/v2\/comments?post=9"}],"version-history":[{"count":23,"href":"https:\/\/canjoan.com\/es\/wp-json\/wp\/v2\/pages\/9\/revisions"}],"predecessor-version":[{"id":604,"href":"https:\/\/canjoan.com\/es\/wp-json\/wp\/v2\/pages\/9\/revisions\/604"}],"wp:attachment":[{"href":"https:\/\/canjoan.com\/es\/wp-json\/wp\/v2\/media?parent=9"}],"curies":[{"name":"wp","href":"https:\/\/api.w.org\/{rel}","templated":true}]}}