{"id":115,"date":"2016-04-11T14:47:35","date_gmt":"2016-04-11T14:47:35","guid":{"rendered":"http:\/\/canjoan.com\/?page_id=115"},"modified":"2024-08-04T13:37:19","modified_gmt":"2024-08-04T11:37:19","slug":"aviso-legal","status":"publish","type":"page","link":"https:\/\/canjoan.com\/es\/aviso-legal\/","title":{"rendered":"Aviso Legal"},"content":{"rendered":"<p><\/p>\n<p align=\"left\"><span style=\"font-family: TimesNewRomanPSMT, serif;\"><span style=\"font-size: medium;\"><b>LSSICE:<\/b><\/span><\/span><\/p>\n<p><span style=\"font-family: TimesNewRomanPSMT, serif;\"><span style=\"font-size: medium;\">En cumplimiento del art\u00edculo 10 de la Ley 34\/2002, del 11 de julio, de servicios de la Sociedad de la Informaci\u00f3n y Comercio Electr\u00f3nico (LSSICE) se exponen a continuaci\u00f3n los datos identificativos de la empresa.<\/span><\/span><\/p>\n<p align=\"left\"><span style=\"font-family: TimesNewRomanPSMT, serif;\"><span style=\"font-size: medium;\">Titular:\u00a0Joan Frigolo Ciurana<\/span><\/span><\/p>\n<p align=\"left\"><span style=\"font-family: TimesNewRomanPSMT, serif;\"><span style=\"font-size: medium;\">Raz\u00f3n Social:\u00a0Joan Frigolo Ciurana<\/span><\/span><\/p>\n<p align=\"left\"><span style=\"font-family: TimesNewRomanPSMT, serif;\"><span style=\"font-size: medium;\">Nombre Comercial:\u00a0\u00abRestaurant Can Joan\u00bb<\/span><\/span><\/p>\n<p align=\"left\"><span style=\"font-family: TimesNewRomanPSMT, serif;\"><span style=\"font-size: medium;\">N\u00famero de identificaci\u00f3n fiscal:\u00a040522159-T<\/span><\/span><\/p>\n<p align=\"left\"><span style=\"font-family: TimesNewRomanPSMT, serif;\"><span style=\"font-size: medium;\">Domicilio social:\u00a0C\\La Font, 9 &#8211;\u00a0Sant Feliu de Boada 17256 GIRONA<\/span><\/span><\/p>\n<p align=\"left\"><span style=\"font-family: TimesNewRomanPSMT, serif;\"><span style=\"font-size: medium;\">Domicilio fiscal:\u00a0C\\La Font, 9 &#8211;\u00a0Sant Feliu de Boada 17256 GIRONA<\/span><\/span><\/p>\n<p align=\"left\">\n<p align=\"left\"><span style=\"font-family: TimesNewRomanPSMT, serif;\"><span style=\"font-size: medium;\">Correo electr\u00f3nico:\u00a0can.joan@hotmail.com<\/span><\/span><\/p>\n<p align=\"left\"><span style=\"font-family: TimesNewRomanPSMT, serif;\"><span style=\"font-size: medium;\">Tel\u00e9fono:\u00a0972 63 43 13<\/span><\/span><\/p>\n<p align=\"left\"><span style=\"font-family: TimesNewRomanPSMT, serif;\"><span style=\"font-size: medium;\">El titular del sitio web no enviar\u00e1 emails comerciales a los usuarios sin su consentimiento expreso. \u00danicamente utilizar\u00e1 su email o datos facilitados para contactar con usted por temas referentes a la consulta realizada.<\/span><\/span><\/p>\n<p align=\"left\">\n<p align=\"left\"><span style=\"font-family: TimesNewRomanPSMT, serif;\"><span style=\"font-size: medium;\"><b>PROPIEDAD:<\/b><\/span><\/span><\/p>\n<p align=\"left\"><span style=\"font-family: TimesNewRomanPSMT, serif;\"><span style=\"font-size: medium;\">Este sitio web ha sido creado por PcTeknic S.C., para el titular del sitio web con car\u00e1cter informativo y para uso personal de los usuarios, siendo propiedad de PcTeknic S.C. <\/span><\/span><\/p>\n<p align=\"left\"><span style=\"font-family: TimesNewRomanPSMT, serif;\"><span style=\"font-size: medium;\"><b>USO:<\/b><\/span><\/span><\/p>\n<p align=\"left\"><span style=\"font-family: TimesNewRomanPSMT, serif;\"><span style=\"font-size: medium;\">A trav\u00e9s de este Aviso legal, se pretende regular el acceso y uso de este sitio web, as\u00ed como la relaci\u00f3n entre el sitio web y sus usuarios. Accediendo a este sitio web se aceptan los siguientes t\u00e9rminos y condiciones: <\/span><\/span><\/p>\n<ul>\n<li>\n<p align=\"left\"><span style=\"font-family: TimesNewRomanPSMT, serif;\"><span style=\"font-size: medium;\">El simple acceso al sitio web no supone entablar ning\u00fan tipo de relaci\u00f3n comercial entre el titular y el usuario.<\/span><\/span><\/p>\n<\/li>\n<li>\n<p align=\"left\"><span style=\"font-family: TimesNewRomanPSMT, serif;\"><span style=\"font-size: medium;\">El acceso a este sitio web es gratuito y responsabilidad exclusiva de los usuarios.<\/span><\/span><\/p>\n<\/li>\n<li>\n<p align=\"left\"><span style=\"font-family: TimesNewRomanPSMT, serif;\"><span style=\"font-size: medium;\">El usuario se compromete a no realizar ninguna acci\u00f3n que pudiera da\u00f1ar el sitio web o perjudicar su correcto funcionamiento.<\/span><\/span><\/p>\n<\/li>\n<\/ul>\n<p><span style=\"font-size: medium;\"><b>LOPD:<\/b><\/span><\/p>\n<p><span style=\"font-size: medium;\">Aqu\u00ed se debe poner el texto facilitado por la empresa que gestione la LOPD.<\/span><\/p>","protected":false},"excerpt":{"rendered":"<p>LSSICE: En cumplimiento del art\u00edculo 10 de la Ley 34\/2002, del 11 de julio, de servicios de la Sociedad de la Informaci\u00f3n y Comercio Electr\u00f3nico (LSSICE) se exponen a continuaci\u00f3n los datos identificativos de la empresa. Titular:\u00a0Joan Frigolo Ciurana Raz\u00f3n Social:\u00a0Joan Frigolo Ciurana Nombre Comercial:\u00a0\u00abRestaurant Can Joan\u00bb N\u00famero de identificaci\u00f3n fiscal:\u00a040522159-T Domicilio social:\u00a0C\\La Font, 9<\/p>\n","protected":false},"author":2,"featured_media":0,"parent":0,"menu_order":0,"comment_status":"closed","ping_status":"closed","template":"","meta":{"footnotes":""},"class_list":["post-115","page","type-page","status-publish","hentry"],"_links":{"self":[{"href":"https:\/\/canjoan.com\/es\/wp-json\/wp\/v2\/pages\/115"}],"collection":[{"href":"https:\/\/canjoan.com\/es\/wp-json\/wp\/v2\/pages"}],"about":[{"href":"https:\/\/canjoan.com\/es\/wp-json\/wp\/v2\/types\/page"}],"author":[{"embeddable":true,"href":"https:\/\/canjoan.com\/es\/wp-json\/wp\/v2\/users\/2"}],"replies":[{"embeddable":true,"href":"https:\/\/canjoan.com\/es\/wp-json\/wp\/v2\/comments?post=115"}],"version-history":[{"count":2,"href":"https:\/\/canjoan.com\/es\/wp-json\/wp\/v2\/pages\/115\/revisions"}],"predecessor-version":[{"id":609,"href":"https:\/\/canjoan.com\/es\/wp-json\/wp\/v2\/pages\/115\/revisions\/609"}],"wp:attachment":[{"href":"https:\/\/canjoan.com\/es\/wp-json\/wp\/v2\/media?parent=115"}],"curies":[{"name":"wp","href":"https:\/\/api.w.org\/{rel}","templated":true}]}}