{"id":115,"date":"2016-04-11T14:47:35","date_gmt":"2016-04-11T14:47:35","guid":{"rendered":"http:\/\/canjoan.com\/?page_id=115"},"modified":"2024-08-04T13:37:19","modified_gmt":"2024-08-04T11:37:19","slug":"aviso-legal","status":"publish","type":"page","link":"https:\/\/canjoan.com\/ca\/avis-legal\/","title":{"rendered":"Av\u00eds Legal"},"content":{"rendered":"<p><\/p>\n<p align=\"left\"><b>LSSICE:<\/b><\/p>\n<p>En compliment de l&#8217;article 10 de la Llei 34\/2002, de l&#8217;11 de juliol, de serveis de la Societat de la Informaci\u00f3 i Comer\u00e7 Electr\u00f2nic (LSSICE) s&#8217;exposen a continuaci\u00f3 les dades identificatives de l&#8217;empresa.<\/p>\n<p align=\"left\">Titular: Joan Frigolo Ciurana<\/p>\n<p align=\"left\">Ra\u00f3 Social: Joan Frigolo Ciurana<\/p>\n<p align=\"left\">Nom Comercial: \u00abRestaurant Can Joan\u00bb<\/p>\n<p align=\"left\">N\u00famero d&#8217;identificaci\u00f3 fiscal: 40522159-T<\/p>\n<p align=\"left\">Domicili social: C\\La Font, 9 \u2013 Sant Feliu de Boada 17256 GIRONA<\/p>\n<p align=\"left\">Domicili fiscal: C\\La Font, 9 \u2013 Sant Feliu de Boada 17256 GIRONA<\/p>\n<p align=\"left\">Correu electr\u00f2nic: can.joan@hotmail.com<\/p>\n<p align=\"left\">Tel\u00e8fon: 972 63 43 13<\/p>\n<p align=\"left\">El titular del lloc web no enviar\u00e0 correus electr\u00f2nics comercials als usuaris sense el seu consentiment expr\u00e9s. \u00danicament utilitzar\u00e0 el vostre email o dades facilitades per contactar amb vost\u00e8 per temes referents a la consulta realitzada.<\/p>\n<p align=\"left\"><b>PROPIETAT:<\/b><\/p>\n<p align=\"left\">Aquest lloc web ha estat creat per PcTeknic SC, per al titular del lloc web amb car\u00e0cter informatiu i per a \u00fas personal dels usuaris, sent propietat de PcTeknic SC<\/p>\n<p align=\"left\"><b>\u00daS:<\/b><\/p>\n<p align=\"left\">A trav\u00e9s d&#8217;aquest Av\u00eds legal, es pret\u00e9n regular l&#8217;acc\u00e9s i l&#8217;\u00fas d&#8217;aquest lloc web, aix\u00ed com la relaci\u00f3 entre el lloc web i els usuaris. Accedint a aquest lloc web s&#8217;accepten els termes i condicions seg\u00fcents:<\/p>\n<ul>\n<li title=\"\" data-original-title=\"\">\n<p align=\"left\">El simple acc\u00e9s al lloc web no suposa entaular cap mena de relaci\u00f3 comercial entre el titular i lusuari.<\/p>\n<\/li>\n<li title=\"\" data-original-title=\"\">\n<p align=\"left\">L\u00b4acc\u00e9s a aquest lloc web \u00e9s gratu\u00eft i responsabilitat exclusiva dels usuaris.<\/p>\n<\/li>\n<li title=\"\" data-original-title=\"\">\n<p align=\"left\">L&#8217;usuari es compromet a no realitzar cap acci\u00f3 que pogu\u00e9s danyar el lloc web o perjudicar-ne el funcionament correcte.<\/p>\n<\/li>\n<\/ul>\n<p><b>LOPD:<\/b><\/p>\n<p>Aqu\u00ed cal posar el text facilitat per l&#8217;empresa que gestioni la LOPD.<\/p>","protected":false},"excerpt":{"rendered":"<p>LSSICE: En compliment de l&#8217;article 10 de la Llei 34\/2002, de l&#8217;11 de juliol, de serveis de la Societat de la Informaci\u00f3 i Comer\u00e7 Electr\u00f2nic (LSSICE) s&#8217;exposen a continuaci\u00f3 les dades identificatives de l&#8217;empresa. Titular: Joan Frigolo Ciurana Ra\u00f3 Social: Joan Frigolo Ciurana Nom Comercial: \u00abRestaurant Can Joan\u00bb N\u00famero d&#8217;identificaci\u00f3 fiscal: 40522159-T Domicili social: C\\La<\/p>\n","protected":false},"author":2,"featured_media":0,"parent":0,"menu_order":0,"comment_status":"closed","ping_status":"closed","template":"","meta":{"footnotes":""},"class_list":["post-115","page","type-page","status-publish","hentry"],"_links":{"self":[{"href":"https:\/\/canjoan.com\/ca\/wp-json\/wp\/v2\/pages\/115"}],"collection":[{"href":"https:\/\/canjoan.com\/ca\/wp-json\/wp\/v2\/pages"}],"about":[{"href":"https:\/\/canjoan.com\/ca\/wp-json\/wp\/v2\/types\/page"}],"author":[{"embeddable":true,"href":"https:\/\/canjoan.com\/ca\/wp-json\/wp\/v2\/users\/2"}],"replies":[{"embeddable":true,"href":"https:\/\/canjoan.com\/ca\/wp-json\/wp\/v2\/comments?post=115"}],"version-history":[{"count":2,"href":"https:\/\/canjoan.com\/ca\/wp-json\/wp\/v2\/pages\/115\/revisions"}],"predecessor-version":[{"id":609,"href":"https:\/\/canjoan.com\/ca\/wp-json\/wp\/v2\/pages\/115\/revisions\/609"}],"wp:attachment":[{"href":"https:\/\/canjoan.com\/ca\/wp-json\/wp\/v2\/media?parent=115"}],"curies":[{"name":"wp","href":"https:\/\/api.w.org\/{rel}","templated":true}]}}